{"id":587,"date":"2023-08-02T09:14:02","date_gmt":"2023-08-02T09:14:02","guid":{"rendered":"https:\/\/hr-xperience.com\/?page_id=587"},"modified":"2023-08-09T09:15:00","modified_gmt":"2023-08-09T09:15:00","slug":"politica-de-cookies","status":"publish","type":"page","link":"https:\/\/hr-xperience.com\/index.php\/politica-de-cookies\/","title":{"rendered":"Pol\u00edtica de Cookies"},"content":{"rendered":"\t\t<div data-elementor-type=\"wp-page\" data-elementor-id=\"587\" class=\"elementor elementor-587\">\n\t\t\t\t\t\t<section class=\"elementor-section elementor-top-section elementor-element elementor-element-9a56013 elementor-section-boxed elementor-section-height-default elementor-section-height-default\" data-id=\"9a56013\" data-element_type=\"section\" data-e-type=\"section\">\n\t\t\t\t\t\t<div class=\"elementor-container elementor-column-gap-default\">\n\t\t\t\t\t<div class=\"elementor-column elementor-col-100 elementor-top-column elementor-element elementor-element-e1d34b9\" data-id=\"e1d34b9\" data-element_type=\"column\" data-e-type=\"column\">\n\t\t\t<div class=\"elementor-widget-wrap elementor-element-populated\">\n\t\t\t\t\t\t<div class=\"elementor-element elementor-element-0c9ce0b elementor-widget elementor-widget-spacer\" data-id=\"0c9ce0b\" data-element_type=\"widget\" data-e-type=\"widget\" data-widget_type=\"spacer.default\">\n\t\t\t\t<div class=\"elementor-widget-container\">\n\t\t\t\t\t\t\t<div class=\"elementor-spacer\">\n\t\t\t<div class=\"elementor-spacer-inner\"><\/div>\n\t\t<\/div>\n\t\t\t\t\t\t<\/div>\n\t\t\t\t<\/div>\n\t\t\t\t\t<\/div>\n\t\t<\/div>\n\t\t\t\t\t<\/div>\n\t\t<\/section>\n\t\t\t\t<section class=\"elementor-section elementor-top-section elementor-element elementor-element-a4095fe elementor-section-boxed elementor-section-height-default elementor-section-height-default\" data-id=\"a4095fe\" data-element_type=\"section\" data-e-type=\"section\">\n\t\t\t\t\t\t<div class=\"elementor-container elementor-column-gap-default\">\n\t\t\t\t\t<div class=\"elementor-column elementor-col-100 elementor-top-column elementor-element elementor-element-eef9ed7\" data-id=\"eef9ed7\" data-element_type=\"column\" data-e-type=\"column\">\n\t\t\t<div class=\"elementor-widget-wrap elementor-element-populated\">\n\t\t\t\t\t\t<div class=\"elementor-element elementor-element-55884f1 elementor-widget elementor-widget-heading\" data-id=\"55884f1\" data-element_type=\"widget\" data-e-type=\"widget\" data-widget_type=\"heading.default\">\n\t\t\t\t<div class=\"elementor-widget-container\">\n\t\t\t\t\t<h1 class=\"elementor-heading-title elementor-size-default\">Pol\u00edtica de Cookies<\/h1>\t\t\t\t<\/div>\n\t\t\t\t<\/div>\n\t\t\t\t\t<\/div>\n\t\t<\/div>\n\t\t\t\t\t<\/div>\n\t\t<\/section>\n\t\t\t\t<section class=\"elementor-section elementor-top-section elementor-element elementor-element-5e03158 elementor-section-boxed elementor-section-height-default elementor-section-height-default\" data-id=\"5e03158\" data-element_type=\"section\" data-e-type=\"section\">\n\t\t\t\t\t\t<div class=\"elementor-container elementor-column-gap-default\">\n\t\t\t\t\t<div class=\"elementor-column elementor-col-100 elementor-top-column elementor-element elementor-element-a898d71\" data-id=\"a898d71\" data-element_type=\"column\" data-e-type=\"column\">\n\t\t\t<div class=\"elementor-widget-wrap elementor-element-populated\">\n\t\t\t\t\t\t<div class=\"elementor-element elementor-element-75e7c77 elementor-widget elementor-widget-heading\" data-id=\"75e7c77\" data-element_type=\"widget\" data-e-type=\"widget\" data-widget_type=\"heading.default\">\n\t\t\t\t<div class=\"elementor-widget-container\">\n\t\t\t\t\t<h3 class=\"elementor-heading-title elementor-size-default\">\u00bfQu\u00e9 son las cookies?<\/h3>\t\t\t\t<\/div>\n\t\t\t\t<\/div>\n\t\t\t\t<div class=\"elementor-element elementor-element-f7e5827 elementor-widget elementor-widget-text-editor\" data-id=\"f7e5827\" data-element_type=\"widget\" data-e-type=\"widget\" data-widget_type=\"text-editor.default\">\n\t\t\t\t<div class=\"elementor-widget-container\">\n\t\t\t\t\t\t\t\t\t<p><span style=\"color: var( --e-global-color-text ); font-family: var( --e-global-typography-text-font-family ), Sans-serif; font-weight: var( --e-global-typography-text-font-weight ); font-size: 1rem;\">En ingl\u00e9s, el t\u00e9rmino &#8220;cookie&#8221; significa galleta, pero en el \u00e1mbito de la navegaci\u00f3n web, una &#8220;cookie&#8221; es algo completamente distinto. Cuando accede a nuestro Sitio Web, en el navegador de su dispositivo se almacena una peque\u00f1a cantidad de texto que se denomina &#8220;cookie&#8221;. Este texto contiene informaci\u00f3n variada sobre su navegaci\u00f3n, h\u00e1bitos, preferencias, personalizaciones de contenidos, etc&#8230;<\/span><\/p><p><span style=\"color: var( --e-global-color-text ); font-family: var( --e-global-typography-text-font-family ), Sans-serif; font-weight: var( --e-global-typography-text-font-weight ); font-size: 1rem;\">Existen otras tecnolog\u00edas que funcionan de manera similar y que tambi\u00e9n se usan para recopilar datos sobre tu actividad de navegaci\u00f3n. Llamaremos &#8220;cookies&#8221; a todas estas tecnolog\u00edas en su conjunto.<\/span><\/p><p><span style=\"color: var( --e-global-color-text ); font-family: var( --e-global-typography-text-font-family ), Sans-serif; font-weight: var( --e-global-typography-text-font-weight ); font-size: 1rem;\">Los usos concretos que hacemos de estas tecnolog\u00edas se describen en el presente documento.<\/span><\/p>\t\t\t\t\t\t\t\t<\/div>\n\t\t\t\t<\/div>\n\t\t\t\t<div class=\"elementor-element elementor-element-f54d8b5 elementor-widget elementor-widget-heading\" data-id=\"f54d8b5\" data-element_type=\"widget\" data-e-type=\"widget\" data-widget_type=\"heading.default\">\n\t\t\t\t<div class=\"elementor-widget-container\">\n\t\t\t\t\t<h2 class=\"elementor-heading-title elementor-size-default\">\u00bfPara qu\u00e9 se utilizan las cookies en esta web?<\/h2>\t\t\t\t<\/div>\n\t\t\t\t<\/div>\n\t\t\t\t<div class=\"elementor-element elementor-element-be6426d elementor-widget elementor-widget-text-editor\" data-id=\"be6426d\" data-element_type=\"widget\" data-e-type=\"widget\" data-widget_type=\"text-editor.default\">\n\t\t\t\t<div class=\"elementor-widget-container\">\n\t\t\t\t\t\t\t\t\t<p><span style=\"color: var( --e-global-color-text ); font-family: var( --e-global-typography-text-font-family ), Sans-serif; font-weight: var( --e-global-typography-text-font-weight ); font-size: 1rem;\">Las cookies son una parte esencial de c\u00f3mo funciona el Sitio Web. El objetivo principal de nuestras cookies es mejorar su experiencia en la navegaci\u00f3n. Por ejemplo, para recordar sus preferencias (idioma, pa\u00eds, etc.) durante la navegaci\u00f3n y en futuras visitas. La informaci\u00f3n recogida en las cookies nos permite adem\u00e1s mejorar la web, adaptarla a sus intereses como usuario, acelerar las b\u00fasquedas que realice, etc..<\/span><\/p><p><span style=\"color: var( --e-global-color-text ); font-family: var( --e-global-typography-text-font-family ), Sans-serif; font-weight: var( --e-global-typography-text-font-weight ); font-size: 1rem;\">En determinados casos, si hemos obtenido su previo consentimiento informado, podremos utilizar cookies para otros usos, como por ejemplo para obtener informaci\u00f3n que nos permita mostrarle publicidad basada en el an\u00e1lisis de sus h\u00e1bitos de navegaci\u00f3n.<\/span><\/p>\t\t\t\t\t\t\t\t<\/div>\n\t\t\t\t<\/div>\n\t\t\t\t<div class=\"elementor-element elementor-element-c667891 elementor-widget elementor-widget-heading\" data-id=\"c667891\" data-element_type=\"widget\" data-e-type=\"widget\" data-widget_type=\"heading.default\">\n\t\t\t\t<div class=\"elementor-widget-container\">\n\t\t\t\t\t<h2 class=\"elementor-heading-title elementor-size-default\">\u00bfPara qu\u00e9 NO se utilizan las cookies en esta web?<\/h2>\t\t\t\t<\/div>\n\t\t\t\t<\/div>\n\t\t\t\t<div class=\"elementor-element elementor-element-33c625b elementor-widget elementor-widget-text-editor\" data-id=\"33c625b\" data-element_type=\"widget\" data-e-type=\"widget\" data-widget_type=\"text-editor.default\">\n\t\t\t\t<div class=\"elementor-widget-container\">\n\t\t\t\t\t\t\t\t\t<p>En las cookies que utilizamos no se almacena informaci\u00f3n sensible de identificaci\u00f3n personal como su nombre, direcci\u00f3n, tu contrase\u00f1a, etc&#8230;<\/p>\t\t\t\t\t\t\t\t<\/div>\n\t\t\t\t<\/div>\n\t\t\t\t<div class=\"elementor-element elementor-element-8b70e14 elementor-widget elementor-widget-heading\" data-id=\"8b70e14\" data-element_type=\"widget\" data-e-type=\"widget\" data-widget_type=\"heading.default\">\n\t\t\t\t<div class=\"elementor-widget-container\">\n\t\t\t\t\t<h2 class=\"elementor-heading-title elementor-size-default\">\u00bfQui\u00e9n utiliza la informaci\u00f3n almacenada en las cookies?<\/h2>\t\t\t\t<\/div>\n\t\t\t\t<\/div>\n\t\t\t\t<div class=\"elementor-element elementor-element-956d0cc elementor-widget elementor-widget-text-editor\" data-id=\"956d0cc\" data-element_type=\"widget\" data-e-type=\"widget\" data-widget_type=\"text-editor.default\">\n\t\t\t\t<div class=\"elementor-widget-container\">\n\t\t\t\t\t\t\t\t\t<p>La informaci\u00f3n almacenada en las cookies de nuestro Sitio Web es utilizada exclusivamente por nosotros, a excepci\u00f3n de aquellas identificadas m\u00e1s adelante como &#8220;cookie de terceros&#8221;, que son utilizadas y gestionadas por entidades externas que nos proporcionan servicios que mejoran la experiencia del usuario. Por ejemplo las estad\u00edsticas que se recogen sobre el n\u00famero de visitas, el contenido que m\u00e1s gusta, etc&#8230;<\/p>\t\t\t\t\t\t\t\t<\/div>\n\t\t\t\t<\/div>\n\t\t\t\t<div class=\"elementor-element elementor-element-1caca5c elementor-widget elementor-widget-heading\" data-id=\"1caca5c\" data-element_type=\"widget\" data-e-type=\"widget\" data-widget_type=\"heading.default\">\n\t\t\t\t<div class=\"elementor-widget-container\">\n\t\t\t\t\t<h2 class=\"elementor-heading-title elementor-size-default\">\u00bfC\u00f3mo puede evitar el uso de cookies en este Sitio Web?<\/h2>\t\t\t\t<\/div>\n\t\t\t\t<\/div>\n\t\t\t\t<div class=\"elementor-element elementor-element-57b0144 elementor-widget elementor-widget-text-editor\" data-id=\"57b0144\" data-element_type=\"widget\" data-e-type=\"widget\" data-widget_type=\"text-editor.default\">\n\t\t\t\t<div class=\"elementor-widget-container\">\n\t\t\t\t\t\t\t\t\t<p><span style=\"color: var( --e-global-color-text ); font-family: var( --e-global-typography-text-font-family ), Sans-serif; font-weight: var( --e-global-typography-text-font-weight ); font-size: 1rem;\">Si prefiere evitar el uso de las cookies, puede RECHAZAR su uso o puede CONFIGURAR las que quiere evitar y las que permite utilizar (en este documento le damos informaci\u00f3n ampliada al respecto de cada tipo de cookie, su finalidad, destinatario, temporalidad, etc&#8230; ).<\/span><\/p><p><span style=\"color: var( --e-global-color-text ); font-family: var( --e-global-typography-text-font-family ), Sans-serif; font-weight: var( --e-global-typography-text-font-weight ); font-size: 1rem;\">Si las ha aceptado, no volveremos a preguntarle a menos que borre las cookies en su dispositivo seg\u00fan se indica en el apartado siguiente. Si quiere revocar el consentimiento tendr\u00e1 que eliminar las cookies y volver a configurarlas.<\/span><\/p>\t\t\t\t\t\t\t\t<\/div>\n\t\t\t\t<\/div>\n\t\t\t\t<div class=\"elementor-element elementor-element-e26e448 elementor-widget elementor-widget-heading\" data-id=\"e26e448\" data-element_type=\"widget\" data-e-type=\"widget\" data-widget_type=\"heading.default\">\n\t\t\t\t<div class=\"elementor-widget-container\">\n\t\t\t\t\t<h2 class=\"elementor-heading-title elementor-size-default\">\u00bfC\u00f3mo deshabilito y elimino la utilizaci\u00f3n de cookies?<\/h2>\t\t\t\t<\/div>\n\t\t\t\t<\/div>\n\t\t\t\t<div class=\"elementor-element elementor-element-d31567c elementor-widget elementor-widget-text-editor\" data-id=\"d31567c\" data-element_type=\"widget\" data-e-type=\"widget\" data-widget_type=\"text-editor.default\">\n\t\t\t\t<div class=\"elementor-widget-container\">\n\t\t\t\t\t\t\t\t\t<p><span style=\"color: var( --e-global-color-text ); font-family: var( --e-global-typography-text-font-family ), Sans-serif; font-weight: var( --e-global-typography-text-font-weight ); font-size: 1rem;\">El Titular muestra informaci\u00f3n sobre su Pol\u00edtica de cookies en el banner de cookies accesible en todas las p\u00e1ginas del Sitio Web. El banner de cookies muestra informaci\u00f3n esencial sobre el tratamiento de datos y permite al Usuario realizar las siguientes acciones:<\/span><\/p>\n<ul>\n<li><span style=\"color: var( --e-global-color-text ); font-family: var( --e-global-typography-text-font-family ), Sans-serif; font-weight: var( --e-global-typography-text-font-weight ); font-size: 1rem;\">ACEPTAR o RECHAZAR la instalaci\u00f3n de cookies, o retirar el consentimiento previamente otorgado.<\/span><\/li>\n<li><span style=\"color: var( --e-global-color-text ); font-family: var( --e-global-typography-text-font-family ), Sans-serif; font-weight: var( --e-global-typography-text-font-weight ); font-size: 1rem;\">Cambiar las preferencias de cookies desde la p\u00e1gina Personalizar Cookies, a la que puede acceder desde el Aviso de Cookies o desde la p\u00e1gina de Personalizar Cookies.<\/span><\/li>\n<li><span style=\"color: var( --e-global-color-text ); font-family: var( --e-global-typography-text-font-family ), Sans-serif; font-weight: var( --e-global-typography-text-font-weight ); font-size: 1rem;\">Obtener informaci\u00f3n adicional en la p\u00e1gina de Pol\u00edtica de Cookies.<\/span><\/li>\n<\/ul>\n<div>&nbsp;<\/div>\n<p><span style=\"color: var( --e-global-color-text ); font-family: var( --e-global-typography-text-font-family ), Sans-serif; font-weight: var( --e-global-typography-text-font-weight ); font-size: 1rem;\">Para restringir, bloquear o borrar las cookies de este Sitio Web (y las usada por terceros) puede hacerlo, en cualquier momento, modificando la configuraci\u00f3n de su navegador. Tenga en cuenta que esta configuraci\u00f3n es diferente en cada navegador.<\/span><\/p><ul>\n<\/ul>\t\t\t\t\t\t\t\t<\/div>\n\t\t\t\t<\/div>\n\t\t\t\t<div class=\"elementor-element elementor-element-4f43359 elementor-widget elementor-widget-heading\" data-id=\"4f43359\" data-element_type=\"widget\" data-e-type=\"widget\" data-widget_type=\"heading.default\">\n\t\t\t\t<div class=\"elementor-widget-container\">\n\t\t\t\t\t<h2 class=\"elementor-heading-title elementor-size-default\">\u00bfQu\u00e9 tipos de cookies se utilizan en esta p\u00e1gina web?<\/h2>\t\t\t\t<\/div>\n\t\t\t\t<\/div>\n\t\t\t\t<div class=\"elementor-element elementor-element-6434666 elementor-widget elementor-widget-text-editor\" data-id=\"6434666\" data-element_type=\"widget\" data-e-type=\"widget\" data-widget_type=\"text-editor.default\">\n\t\t\t\t<div class=\"elementor-widget-container\">\n\t\t\t\t\t\t\t\t\t<p><span style=\"color: var( --e-global-color-text ); font-family: var( --e-global-typography-text-font-family ), Sans-serif; font-weight: var( --e-global-typography-text-font-weight ); font-size: 1rem;\">Cada p\u00e1gina web utiliza sus propias cookies. En nuestra web utilizamos las que se indican a continuaci\u00f3n:<\/span><\/p><p><strong><span style=\"color: var( --e-global-color-text ); font-family: var( --e-global-typography-text-font-family ), Sans-serif; font-size: 1rem;\">SEG\u00daN LA ENTIDAD QUE LO GESTIONA<\/span><\/strong><\/p><p><strong><span style=\"color: var( --e-global-color-text ); font-family: var( --e-global-typography-text-font-family ), Sans-serif; font-size: 1rem;\">Cookies propias:<\/span><\/strong><\/p><p><span style=\"color: var( --e-global-color-text ); font-family: var( --e-global-typography-text-font-family ), Sans-serif; font-weight: var( --e-global-typography-text-font-weight ); font-size: 1rem;\">Son aquellas que se env\u00edan al equipo terminal del Usuario desde un equipo o dominio gestionado por el propio editor y desde el que se presta el servicio solicitado por el Usuario.<\/span><\/p><p><strong><span style=\"color: var( --e-global-color-text ); font-family: var( --e-global-typography-text-font-family ), Sans-serif; font-size: 1rem;\">Cookies de terceros:<\/span><\/strong><\/p><p><span style=\"color: var( --e-global-color-text ); font-family: var( --e-global-typography-text-font-family ), Sans-serif; font-weight: var( --e-global-typography-text-font-weight ); font-size: 1rem;\">Son aquellas que se env\u00edan al equipo terminal del Usuario desde un equipo o dominio que no es gestionado por el editor, sino por otra entidad que trata los datos obtenidos trav\u00e9s de las cookies.<\/span><\/p><p><span style=\"color: var( --e-global-color-text ); font-family: var( --e-global-typography-text-font-family ), Sans-serif; font-weight: var( --e-global-typography-text-font-weight ); font-size: 1rem;\">En el caso de que las cookies sean servidas desde un equipo o dominio gestionado por el propio editor, pero la informaci\u00f3n que se recoja mediante estas sea gestionada por un tercero, no pueden ser consideradas como cookies propias si el tercero las utiliza para sus propias finalidades (por ejemplo, la mejora de los servicios que presta o la prestaci\u00f3n de servicios de car\u00e1cter publicitario a favor de otras entidades).<\/span><\/p><p><strong><span style=\"color: var( --e-global-color-text ); font-family: var( --e-global-typography-text-font-family ), Sans-serif; font-size: 1rem;\">SEG\u00daN SU FINALIDAD<\/span><\/strong><\/p><p><strong><span style=\"color: var( --e-global-color-text ); font-family: var( --e-global-typography-text-font-family ), Sans-serif; font-size: 1rem;\">Cookies t\u00e9cnicas:<\/span><\/strong><\/p><p><span style=\"color: var( --e-global-color-text ); font-family: var( --e-global-typography-text-font-family ), Sans-serif; font-weight: var( --e-global-typography-text-font-weight ); font-size: 1rem;\">Son aquellas necesarias para la navegaci\u00f3n y el buen funcionamiento de nuestro Sitio Web, como por ejemplo, controlar el tr\u00e1fico y la comunicaci\u00f3n de datos, identificar la sesi\u00f3n, acceder a partes de acceso restringido, realizar la solicitud de inscripci\u00f3n o participaci\u00f3n en un evento, contar visitas a efectos de la facturaci\u00f3n de licencias del software con el que funciona el servicio del Sitio Web, utilizar elementos de seguridad durante la navegaci\u00f3n, almacenar contenidos para la difusi\u00f3n de v\u00eddeos o sonido, habilitar contenidos din\u00e1micos (por ejemplo, animaci\u00f3n de carga de un texto o imagen) o compartir contenidos a trav\u00e9s de redes sociales.<\/span><\/p><p><strong><span style=\"color: var( --e-global-color-text ); font-family: var( --e-global-typography-text-font-family ), Sans-serif; font-size: 1rem;\">Cookies de an\u00e1lisis:<\/span><\/strong><\/p><p><span style=\"color: var( --e-global-color-text ); font-family: var( --e-global-typography-text-font-family ), Sans-serif; font-weight: var( --e-global-typography-text-font-weight ); font-size: 1rem;\">Permiten cuantificar el n\u00famero de usuarios y as\u00ed realizar la medici\u00f3n y an\u00e1lisis estad\u00edstico de la utilizaci\u00f3n que hacen los usuarios del Sitio Web.<\/span><\/p><p><strong><span style=\"color: var( --e-global-color-text ); font-family: var( --e-global-typography-text-font-family ), Sans-serif; font-size: 1rem;\">Cookies de preferencias o personalizaci\u00f3n:<\/span><\/strong><\/p><p><span style=\"color: var( --e-global-color-text ); font-family: var( --e-global-typography-text-font-family ), Sans-serif; font-weight: var( --e-global-typography-text-font-weight ); font-size: 1rem;\">Son aquellas que permiten recordar informaci\u00f3n para que el Usuario acceda al servicio con determinadas caracter\u00edsticas que pueden diferenciar su experiencia de la de otros usuarios, como, por ejemplo, el idioma, el n\u00famero de resultados a mostrar cuando el Usuario realiza una b\u00fasqueda, el aspecto o contenido del servicio en funci\u00f3n del tipo de navegador a trav\u00e9s del cual el Usuario accede al servicio o de la regi\u00f3n desde la que accede al servicio, etc.<\/span><\/p><p><strong><span style=\"color: var( --e-global-color-text ); font-family: var( --e-global-typography-text-font-family ), Sans-serif; font-size: 1rem;\">SEG\u00daN EL PLAZO DE TIEMPO QUE PERMANECEN ACTIVADAS<\/span><\/strong><\/p><p><strong><span style=\"color: var( --e-global-color-text ); font-family: var( --e-global-typography-text-font-family ), Sans-serif; font-size: 1rem;\">Cookies de sesi\u00f3n:<\/span><\/strong><\/p><p><span style=\"color: var( --e-global-color-text ); font-family: var( --e-global-typography-text-font-family ), Sans-serif; font-weight: var( --e-global-typography-text-font-weight ); font-size: 1rem;\">Son aquellas dise\u00f1adas para recabar y almacenar datos mientras el Usuario accede a una p\u00e1gina web.<\/span><\/p><p><span style=\"color: var( --e-global-color-text ); font-family: var( --e-global-typography-text-font-family ), Sans-serif; font-weight: var( --e-global-typography-text-font-weight ); font-size: 1rem;\">Se suelen emplear para almacenar informaci\u00f3n que solo interesa conservar para la prestaci\u00f3n del servicio solicitado por el Usuario en una sola ocasi\u00f3n (por ejemplo, una lista de productos adquiridos) y desaparecen al terminar la sesi\u00f3n.<\/span><\/p><p><strong><span style=\"color: var( --e-global-color-text ); font-family: var( --e-global-typography-text-font-family ), Sans-serif; font-size: 1rem;\">Cookies persistentes:<\/span><\/strong><\/p><p><span style=\"color: var( --e-global-color-text ); font-family: var( --e-global-typography-text-font-family ), Sans-serif; font-weight: var( --e-global-typography-text-font-weight ); font-size: 1rem;\">Son aquellas en las que los datos siguen almacenados en el terminal y pueden ser accedidos y tratados durante un periodo definido por el responsable de la cookie, y que puede ir de unos minutos a varios a\u00f1os. A este respecto debe valorarse espec\u00edficamente si es necesaria la utilizaci\u00f3n de cookies persistentes, puesto que los riesgos para la privacidad podr\u00edan reducirse mediante la utilizaci\u00f3n de cookies de sesi\u00f3n. En todo caso, cuando se instalen cookies persistentes, se recomienda reducir al m\u00ednimo necesario su duraci\u00f3n temporal atendiendo a la finalidad de su uso. A estos efectos, el Dictamen 4\/2012 del GT29 indic\u00f3 que para que una cookie pueda estar exenta del deber de consentimiento informado, su caducidad debe estar relacionada con su finalidad. Debido a ello, es mucho m\u00e1s probable que se consideren como exceptuadas las cookies de sesi\u00f3n que las persistentes.<\/span><\/p><p><strong><span style=\"color: var( --e-global-color-text ); font-family: var( --e-global-typography-text-font-family ), Sans-serif; font-size: 1rem;\">Detalle de cookies utilizadas en esta web:<\/span><\/strong><\/p><p><span style=\"color: var( --e-global-color-text ); font-family: var( --e-global-typography-text-font-family ), Sans-serif; font-weight: var( --e-global-typography-text-font-weight ); font-size: 1rem;\">hasConsent<\/span><\/p><p><span style=\"color: var( --e-global-color-text ); font-family: var( --e-global-typography-text-font-family ), Sans-serif; font-size: 1rem; font-weight: var( --e-global-typography-text-font-weight );\">hasConsents<\/span><\/p><p><span style=\"color: var( --e-global-color-text ); font-family: var( --e-global-typography-text-font-family ), Sans-serif; font-weight: var( --e-global-typography-text-font-weight ); font-size: 1rem;\">redux_current_tab<\/span><\/p><p><span style=\"color: var( --e-global-color-text ); font-family: var( --e-global-typography-text-font-family ), Sans-serif; font-weight: var( --e-global-typography-text-font-weight ); font-size: 1rem;\">redux_current_tab_ct_page_options<\/span><\/p><p><span style=\"color: var( --e-global-color-text ); font-family: var( --e-global-typography-text-font-family ), Sans-serif; font-weight: var( --e-global-typography-text-font-weight ); font-size: 1rem;\">redux_current_tab_get<\/span><\/p><p><span style=\"color: var( --e-global-color-text ); font-family: var( --e-global-typography-text-font-family ), Sans-serif; font-weight: var( --e-global-typography-text-font-weight ); font-size: 1rem;\">redux_metabox_undefined_current_tab_ct_page_options<\/span><\/p>\t\t\t\t\t\t\t\t<\/div>\n\t\t\t\t<\/div>\n\t\t\t\t\t<\/div>\n\t\t<\/div>\n\t\t\t\t\t<\/div>\n\t\t<\/section>\n\t\t\t\t<\/div>\n\t\t","protected":false},"excerpt":{"rendered":"<p>Pol\u00edtica de Cookies \u00bfQu\u00e9 son las cookies? En ingl\u00e9s, el t\u00e9rmino &#8220;cookie&#8221; significa galleta, pero en el \u00e1mbito de la navegaci\u00f3n web, una &#8220;cookie&#8221; es algo completamente distinto. Cuando accede a nuestro Sitio Web, en el navegador de su dispositivo se almacena una peque\u00f1a cantidad de texto que se denomina &#8220;cookie&#8221;. Este texto contiene informaci\u00f3n [&hellip;]<\/p>\n","protected":false},"author":2,"featured_media":0,"parent":0,"menu_order":0,"comment_status":"closed","ping_status":"closed","template":"","meta":{"footnotes":""},"class_list":["post-587","page","type-page","status-publish","hentry"],"_links":{"self":[{"href":"https:\/\/hr-xperience.com\/index.php\/wp-json\/wp\/v2\/pages\/587","targetHints":{"allow":["GET"]}}],"collection":[{"href":"https:\/\/hr-xperience.com\/index.php\/wp-json\/wp\/v2\/pages"}],"about":[{"href":"https:\/\/hr-xperience.com\/index.php\/wp-json\/wp\/v2\/types\/page"}],"author":[{"embeddable":true,"href":"https:\/\/hr-xperience.com\/index.php\/wp-json\/wp\/v2\/users\/2"}],"replies":[{"embeddable":true,"href":"https:\/\/hr-xperience.com\/index.php\/wp-json\/wp\/v2\/comments?post=587"}],"version-history":[{"count":18,"href":"https:\/\/hr-xperience.com\/index.php\/wp-json\/wp\/v2\/pages\/587\/revisions"}],"predecessor-version":[{"id":727,"href":"https:\/\/hr-xperience.com\/index.php\/wp-json\/wp\/v2\/pages\/587\/revisions\/727"}],"wp:attachment":[{"href":"https:\/\/hr-xperience.com\/index.php\/wp-json\/wp\/v2\/media?parent=587"}],"curies":[{"name":"wp","href":"https:\/\/api.w.org\/{rel}","templated":true}]}}